{"id":17691,"date":"2021-06-25T10:10:54","date_gmt":"2021-06-25T08:10:54","guid":{"rendered":"https:\/\/couth.com\/cn\/?page_id=17691"},"modified":"2021-06-29T12:09:14","modified_gmt":"2021-06-29T10:09:14","slug":"news","status":"publish","type":"page","link":"https:\/\/couth.com\/cn\/news\/","title":{"rendered":"News"},"content":{"rendered":"<p>[et_pb_section fb_built=&#8221;1&#8243; _builder_version=&#8221;4.9.4&#8243; _module_preset=&#8221;default&#8221; background_color=&#8221;rgba(0,0,0,0.3)&#8221; background_image=&#8221;https:\/\/couth.com\/cn\/wp-content\/uploads\/2021\/06\/Cabecera-aronautica.jpg&#8221; background_blend=&#8221;overlay&#8221; custom_padding=&#8221;20px||20px||true|false&#8221;][et_pb_row _builder_version=&#8221;4.9.4&#8243; _module_preset=&#8221;default&#8221; custom_padding=&#8221;0px||0px||true|false&#8221;][et_pb_column type=&#8221;4_4&#8243; _builder_version=&#8221;4.9.4&#8243; _module_preset=&#8221;default&#8221;][et_pb_cta title=&#8221;News&#8221; button_url=&#8221;#formulario&#8221; _builder_version=&#8221;4.9.4&#8243; _module_preset=&#8221;default&#8221; header_level=&#8221;h1&#8243; header_font=&#8221;|600|||||||&#8221; header_font_size=&#8221;45px&#8221; body_font=&#8221;|300|||||||&#8221; body_font_size=&#8221;20px&#8221; background_enable_color=&#8221;off&#8221; custom_button=&#8221;on&#8221; button_use_icon=&#8221;off&#8221; button_custom_margin=&#8221;20px||||false|false&#8221; button_custom_margin_tablet=&#8221;10px||||false|false&#8221; button_custom_margin_phone=&#8221;0px||||false|false&#8221; button_custom_margin_last_edited=&#8221;on|tablet&#8221; custom_padding=&#8221;0px||0px||true|false&#8221; header_font_size_tablet=&#8221;40px&#8221; header_font_size_phone=&#8221;30px&#8221; header_font_size_last_edited=&#8221;on|phone&#8221; body_font_size_tablet=&#8221;18px&#8221; body_font_size_phone=&#8221;16px&#8221; body_font_size_last_edited=&#8221;on|tablet&#8221;]Get to know our events and news[\/et_pb_cta][\/et_pb_column][\/et_pb_row][\/et_pb_section][et_pb_section fb_built=&#8221;1&#8243; custom_padding_last_edited=&#8221;on|phone&#8221; admin_label=&#8221;About Us&#8221; _builder_version=&#8221;4.9.4&#8243; custom_padding=&#8221;||||false&#8221; custom_padding_tablet=&#8221;&#8221; custom_padding_phone=&#8221;20px||20px||true|false&#8221;][et_pb_row custom_padding_last_edited=&#8221;on|tablet&#8221; _builder_version=&#8221;4.9.4&#8243; custom_padding_tablet=&#8221;||0px||false|false&#8221; custom_padding_phone=&#8221;&#8221; custom_css_main_element=&#8221;display:flex;||flex-direction:row;||align-items: center;&#8221; custom_css_main_element_last_edited=&#8221;on|tablet&#8221; custom_css_main_element_tablet=&#8221;flex-direction: column;&#8221;][et_pb_column type=&#8221;4_4&#8243; _builder_version=&#8221;4.9.4&#8243; custom_padding=&#8221;|||&#8221; custom_padding__hover=&#8221;|||&#8221;][et_pb_blog fullwidth=&#8221;off&#8221; posts_number=&#8221;12&#8243; excerpt_length=&#8221;80&#8243; show_author=&#8221;off&#8221; _builder_version=&#8221;4.9.4&#8243; _module_preset=&#8221;default&#8221; header_level=&#8221;h3&#8243; header_font_size=&#8221;20px&#8221; body_font_size=&#8221;16px&#8221;][\/et_pb_blog][\/et_pb_column][\/et_pb_row][\/et_pb_section]<\/p>\n","protected":false},"excerpt":{"rendered":"<p>Get to know our events and news<\/p>\n","protected":false},"author":1,"featured_media":0,"parent":0,"menu_order":0,"comment_status":"closed","ping_status":"closed","template":"","meta":{"_et_pb_use_builder":"on","_et_pb_old_content":"[et_pb_section fb_built=\"1\" _builder_version=\"4.9.4\" _module_preset=\"default\" background_color=\"rgba(0,0,0,0.3)\" background_image=\"https:\/\/couth.com\/cn\/wp-content\/uploads\/2021\/06\/Cabecera-aronautica.jpg\" background_blend=\"overlay\" custom_padding=\"20px||20px||true|false\"][et_pb_row _builder_version=\"4.9.4\" _module_preset=\"default\" custom_padding=\"0px||0px||true|false\"][et_pb_column type=\"4_4\" _builder_version=\"4.9.4\" _module_preset=\"default\"][et_pb_cta title=\"Actualidad\" button_url=\"#formulario\" _builder_version=\"4.9.4\" _module_preset=\"default\" header_level=\"h1\" header_font=\"|600|||||||\" header_font_size=\"45px\" body_font=\"|300|||||||\" body_font_size=\"20px\" background_enable_color=\"off\" custom_button=\"on\" button_use_icon=\"off\" button_custom_margin=\"20px||||false|false\" button_custom_margin_tablet=\"10px||||false|false\" button_custom_margin_phone=\"0px||||false|false\" button_custom_margin_last_edited=\"on|tablet\" custom_padding=\"0px||0px||true|false\" header_font_size_tablet=\"40px\" header_font_size_phone=\"30px\" header_font_size_last_edited=\"on|phone\" body_font_size_tablet=\"18px\" body_font_size_phone=\"16px\" body_font_size_last_edited=\"on|tablet\"]Conoce nuestros eventos y noticias[\/et_pb_cta][\/et_pb_column][\/et_pb_row][\/et_pb_section][et_pb_section fb_built=\"1\" custom_padding_last_edited=\"on|phone\" admin_label=\"About Us\" _builder_version=\"4.9.4\" custom_padding=\"||||false\" custom_padding_tablet=\"\" custom_padding_phone=\"20px||20px||true|false\"][et_pb_row custom_padding_last_edited=\"on|tablet\" _builder_version=\"4.9.4\" custom_padding_tablet=\"||0px||false|false\" custom_padding_phone=\"\" custom_css_main_element=\"display:flex;||flex-direction:row;||align-items: center;\" custom_css_main_element_last_edited=\"on|tablet\" custom_css_main_element_tablet=\"flex-direction: column;\"][et_pb_column type=\"4_4\" _builder_version=\"4.9.4\" custom_padding=\"|||\" custom_padding__hover=\"|||\"][et_pb_blog fullwidth=\"off\" posts_number=\"12\" excerpt_length=\"80\" show_author=\"off\" _builder_version=\"4.9.4\" _module_preset=\"default\" header_level=\"h3\" header_font_size=\"20px\" body_font_size=\"16px\" hover_enabled=\"0\" sticky_enabled=\"0\"][\/et_pb_blog][\/et_pb_column][\/et_pb_row][\/et_pb_section]","_et_gb_content_width":"","footnotes":""},"class_list":["post-17691","page","type-page","status-publish","hentry"],"yoast_head":"<!-- This site is optimized with the Yoast SEO plugin v23.4 - https:\/\/yoast.com\/wordpress\/plugins\/seo\/ -->\n<title>News - Couth<\/title>\n<meta name=\"description\" content=\"\u00bfEst\u00e1s buscando ? En COUTH somos especialistas en marcaje industrial. No te pierdas nuestra secci\u00f3n de y d\u00e9jate asesorar por nuestros profesionales.\" \/>\n<meta name=\"robots\" content=\"noindex, follow, max-snippet:-1, max-image-preview:large, max-video-preview:-1\" \/>\n<meta property=\"og:locale\" content=\"en_US\" \/>\n<meta property=\"og:type\" content=\"article\" \/>\n<meta property=\"og:title\" content=\"News - Couth\" \/>\n<meta property=\"og:description\" content=\"\u00bfEst\u00e1s buscando ? En COUTH somos especialistas en marcaje industrial. No te pierdas nuestra secci\u00f3n de y d\u00e9jate asesorar por nuestros profesionales.\" \/>\n<meta property=\"og:url\" content=\"https:\/\/couth.com\/cn\/en\/news\/\" \/>\n<meta property=\"og:site_name\" content=\"Couth\" \/>\n<meta property=\"article:modified_time\" content=\"2021-06-29T10:09:14+00:00\" \/>\n<meta name=\"twitter:card\" content=\"summary_large_image\" \/>\n<meta name=\"twitter:label1\" content=\"Est. reading time\" \/>\n\t<meta name=\"twitter:data1\" content=\"2 minutes\" \/>\n<script type=\"application\/ld+json\" class=\"yoast-schema-graph\">{\"@context\":\"https:\/\/schema.org\",\"@graph\":[{\"@type\":\"WebPage\",\"@id\":\"https:\/\/couth.com\/cn\/en\/news\/\",\"url\":\"https:\/\/couth.com\/cn\/en\/news\/\",\"name\":\"News - Couth\",\"isPartOf\":{\"@id\":\"https:\/\/couth.com\/cn\/#website\"},\"datePublished\":\"2021-06-25T08:10:54+00:00\",\"dateModified\":\"2021-06-29T10:09:14+00:00\",\"description\":\"\u00bfEst\u00e1s buscando ? En COUTH somos especialistas en marcaje industrial. No te pierdas nuestra secci\u00f3n de y d\u00e9jate asesorar por nuestros profesionales.\",\"breadcrumb\":{\"@id\":\"https:\/\/couth.com\/cn\/en\/news\/#breadcrumb\"},\"inLanguage\":\"en-US\",\"potentialAction\":[{\"@type\":\"ReadAction\",\"target\":[\"https:\/\/couth.com\/cn\/en\/news\/\"]}]},{\"@type\":\"BreadcrumbList\",\"@id\":\"https:\/\/couth.com\/cn\/en\/news\/#breadcrumb\",\"itemListElement\":[{\"@type\":\"ListItem\",\"position\":1,\"name\":\"Portada\",\"item\":\"https:\/\/couth.com\/cn\/\"},{\"@type\":\"ListItem\",\"position\":2,\"name\":\"News\"}]},{\"@type\":\"WebSite\",\"@id\":\"https:\/\/couth.com\/cn\/#website\",\"url\":\"https:\/\/couth.com\/cn\/\",\"name\":\"Couth\",\"description\":\"Especialistas en Marcaje industrial y Trazabilidad\",\"potentialAction\":[{\"@type\":\"SearchAction\",\"target\":{\"@type\":\"EntryPoint\",\"urlTemplate\":\"https:\/\/couth.com\/cn\/?s={search_term_string}\"},\"query-input\":{\"@type\":\"PropertyValueSpecification\",\"valueRequired\":true,\"valueName\":\"search_term_string\"}}],\"inLanguage\":\"en-US\"}]}<\/script>\n<!-- \/ Yoast SEO plugin. -->","yoast_head_json":{"title":"News - Couth","description":"\u00bfEst\u00e1s buscando ? En COUTH somos especialistas en marcaje industrial. No te pierdas nuestra secci\u00f3n de y d\u00e9jate asesorar por nuestros profesionales.","robots":{"index":"noindex","follow":"follow","max-snippet":"max-snippet:-1","max-image-preview":"max-image-preview:large","max-video-preview":"max-video-preview:-1"},"og_locale":"en_US","og_type":"article","og_title":"News - Couth","og_description":"\u00bfEst\u00e1s buscando ? En COUTH somos especialistas en marcaje industrial. No te pierdas nuestra secci\u00f3n de y d\u00e9jate asesorar por nuestros profesionales.","og_url":"https:\/\/couth.com\/cn\/en\/news\/","og_site_name":"Couth","article_modified_time":"2021-06-29T10:09:14+00:00","twitter_card":"summary_large_image","twitter_misc":{"Est. reading time":"2 minutes"},"schema":{"@context":"https:\/\/schema.org","@graph":[{"@type":"WebPage","@id":"https:\/\/couth.com\/cn\/en\/news\/","url":"https:\/\/couth.com\/cn\/en\/news\/","name":"News - Couth","isPartOf":{"@id":"https:\/\/couth.com\/cn\/#website"},"datePublished":"2021-06-25T08:10:54+00:00","dateModified":"2021-06-29T10:09:14+00:00","description":"\u00bfEst\u00e1s buscando ? En COUTH somos especialistas en marcaje industrial. No te pierdas nuestra secci\u00f3n de y d\u00e9jate asesorar por nuestros profesionales.","breadcrumb":{"@id":"https:\/\/couth.com\/cn\/en\/news\/#breadcrumb"},"inLanguage":"en-US","potentialAction":[{"@type":"ReadAction","target":["https:\/\/couth.com\/cn\/en\/news\/"]}]},{"@type":"BreadcrumbList","@id":"https:\/\/couth.com\/cn\/en\/news\/#breadcrumb","itemListElement":[{"@type":"ListItem","position":1,"name":"Portada","item":"https:\/\/couth.com\/cn\/"},{"@type":"ListItem","position":2,"name":"News"}]},{"@type":"WebSite","@id":"https:\/\/couth.com\/cn\/#website","url":"https:\/\/couth.com\/cn\/","name":"Couth","description":"Especialistas en Marcaje industrial y Trazabilidad","potentialAction":[{"@type":"SearchAction","target":{"@type":"EntryPoint","urlTemplate":"https:\/\/couth.com\/cn\/?s={search_term_string}"},"query-input":{"@type":"PropertyValueSpecification","valueRequired":true,"valueName":"search_term_string"}}],"inLanguage":"en-US"}]}},"_links":{"self":[{"href":"https:\/\/couth.com\/cn\/wp-json\/wp\/v2\/pages\/17691","targetHints":{"allow":["GET"]}}],"collection":[{"href":"https:\/\/couth.com\/cn\/wp-json\/wp\/v2\/pages"}],"about":[{"href":"https:\/\/couth.com\/cn\/wp-json\/wp\/v2\/types\/page"}],"author":[{"embeddable":true,"href":"https:\/\/couth.com\/cn\/wp-json\/wp\/v2\/users\/1"}],"replies":[{"embeddable":true,"href":"https:\/\/couth.com\/cn\/wp-json\/wp\/v2\/comments?post=17691"}],"version-history":[{"count":4,"href":"https:\/\/couth.com\/cn\/wp-json\/wp\/v2\/pages\/17691\/revisions"}],"predecessor-version":[{"id":17886,"href":"https:\/\/couth.com\/cn\/wp-json\/wp\/v2\/pages\/17691\/revisions\/17886"}],"wp:attachment":[{"href":"https:\/\/couth.com\/cn\/wp-json\/wp\/v2\/media?parent=17691"}],"curies":[{"name":"wp","href":"https:\/\/api.w.org\/{rel}","templated":true}]}}